{"id":2164,"date":"2025-02-21T15:14:36","date_gmt":"2025-02-21T15:14:36","guid":{"rendered":"https:\/\/lawendowamarina.pl\/?page_id=2164"},"modified":"2025-02-21T15:14:36","modified_gmt":"2025-02-21T15:14:36","slug":"deklaracja-dostepnosci","status":"publish","type":"page","link":"https:\/\/lawendowamarina.pl\/index.php\/deklaracja-dostepnosci\/","title":{"rendered":"Deklaracja Dost\u0119pno\u015bci"},"content":{"rendered":"<div id=\"declaration-preview\" class=\"border p-5 mb-5\">\n<h1 id=\"a11y-deklaracja\">Deklaracja dost\u0119pno\u015bci<br \/>\nStrona internetowa Przedszkola<\/h1>\n<p id=\"a11y-wstep\"><span id=\"a11y-podmiot\">Przedszkole Lawendowa Marina<\/span> zobowi\u0105zuje si\u0119 zapewni\u0107 dost\u0119pno\u015b\u0107 swojej strony internetowej zgodnie z przepisami ustawy z dnia 4&nbsp;kwietnia 2019&nbsp;r. o&nbsp;dost\u0119pno\u015bci cyfrowej stron internetowych i&nbsp;aplikacji mobilnych podmiot\u00f3w publicznych. O\u015bwiadczenie w sprawie dost\u0119pno\u015bci ma zastosowanie do strony internetowej <a id=\"a11y-url\" href=\"https:\/\/lawendowamarina.pl\">Strona internetowa Przedszkola<\/a>.<\/p>\n<ul>\n<li>Data publikacji strony internetowej: <time id=\"a11y-data-publikacja\" datetime=\"2022-10-20\">2022-10-20<\/time><\/li>\n<li>Data ostatniej istotnej aktualizacji: <time id=\"a11y-data-aktualizacja\" datetime=\"2024-09-24\">2024-09-24<\/time><\/li>\n<\/ul>\n<h2>Status pod wzgl\u0119dem zgodno\u015bci z ustaw\u0105<\/h2>\n<p>Strona internetowa jest <strong id=\"a11y-status\">zgodna<\/strong> z&nbsp;ustaw\u0105 o&nbsp;dost\u0119pno\u015bci cyfrowej stron internetowych i&nbsp;aplikacji mobilnych podmiot\u00f3w publicznych.<\/p>\n<h3>Przygotowanie deklaracji w sprawie dost\u0119pno\u015bci<\/h3>\n<ul>\n<li>Deklaracj\u0119 sporz\u0105dzono dnia: <time id=\"a11y-data-sporzadzenie\" datetime=\"2025-02-21\">2025-02-21<\/time><\/li>\n<li>Deklaracj\u0119 zosta\u0142a ostatnio poddana przegl\u0105dowi i aktualizacji dnia: <time id=\"a11y-data-deklaracja-przeglad\" datetime=\"2025-02-21\">2025-02-21<\/time><\/li>\n<\/ul>\n<p>Deklaracj\u0119 sporz\u0105dzono na podstawie samooceny.<\/p>\n<h2 id=\"a11y-kontakt\">Informacje zwrotne i dane kontaktowe<\/h2>\n<ul>\n<li>Za rozpatrywanie uwag i wniosk\u00f3w odpowiada: <span id=\"a11y-osoba\">Dyrektor plac\u00f3wki<\/span>.<\/li>\n<li>E-mail: <span id=\"a11y-email\">biuro@lawendowamarina.pl<\/span><\/li>\n<li>Telefon: <span id=\"a11y-telefon\">+48 793 921 777<\/span><\/li>\n<\/ul>\n<p id=\"a11y-procedura\">Ka\u017cdy ma prawo:<\/p>\n<ul>\n<li>zg\u0142osi\u0107 uwagi dotycz\u0105ce dost\u0119pno\u015bci cyfrowej strony lub jej elementu,<\/li>\n<li>zg\u0142osi\u0107 \u017c\u0105danie zapewnienia dost\u0119pno\u015bci cyfrowej strony lub jej elementu,<\/li>\n<li>wnioskowa\u0107 o udost\u0119pnienie niedost\u0119pnej informacji w innej alternatywnej formie.<\/li>\n<\/ul>\n<p>\u017b\u0105danie musi zawiera\u0107:<\/p>\n<ul>\n<li>dane kontaktowe osoby zg\u0142aszaj\u0105cej,<\/li>\n<li>wskazanie strony lub elementu strony, kt\u00f3rej dotyczy \u017c\u0105danie,<\/li>\n<li>wskazanie dogodnej formy udost\u0119pnienia informacji, je\u015bli \u017c\u0105danie dotyczy udost\u0119pnienia w formie alternatywnej informacji niedost\u0119pnej.<\/li>\n<\/ul>\n<p>Rozpatrzenie zg\u0142oszenia powinno nast\u0105pi\u0107 niezw\u0142ocznie, najp\u00f3\u017aniej w ci\u0105gu 7 dni. Je\u015bli w tym terminie zapewnienie dost\u0119pno\u015bci albo zapewnienie dost\u0119pu w alternatywnej formie nie jest mo\u017cliwe, powinno nast\u0105pi\u0107 najdalej w ci\u0105gu 2 miesi\u0119cy od daty zg\u0142oszenia.<\/p>\n<h3>Skargi i odwo\u0142ania<\/h3>\n<p>Na niedotrzymanie tych termin\u00f3w oraz na odmow\u0119 realizacji \u017c\u0105dania mo\u017cna z\u0142o\u017cy\u0107 skarg\u0119 do organu nadzoruj\u0105cego poczt\u0105 lub drog\u0105 elektroniczn\u0105 na adres:<\/p>\n<ul>\n<li>Organ nadzoruj\u0105cy: Przedszkole Lawendowa Marina<\/li>\n<li>Adres: ul. Powsta\u0144c\u00f3w 36, Z\u0105bki<br \/>\n05-091, Z\u0105bki<\/li>\n<li>E-mail: biuro@lawendowamarina.pl<\/li>\n<li>Telefon: +48 793 921 777<\/li>\n<\/ul>\n<p>Skarg\u0119 mo\u017cna z\u0142o\u017cy\u0107 r\u00f3wnie\u017c do <a href=\"https:\/\/www.rpo.gov.pl\/content\/jak-zglosic-sie-do-rzecznika-praw-obywatelskich\">Rzecznika Praw Obywatelskich<\/a>.<\/p>\n<\/div>\n","protected":false},"excerpt":{"rendered":"<p>Deklaracja dost\u0119pno\u015bci Strona internetowa Przedszkola Przedszkole Lawendowa Marina zobowi\u0105zuje si\u0119 zapewni\u0107 dost\u0119pno\u015b\u0107 swojej strony internetowej zgodnie z przepisami ustawy z dnia 4&nbsp;kwietnia 2019&nbsp;r. o&nbsp;dost\u0119pno\u015bci cyfrowej stron internetowych i&nbsp;aplikacji mobilnych podmiot\u00f3w publicznych. O\u015bwiadczenie w sprawie dost\u0119pno\u015bci ma zastosowanie do strony internetowej Strona internetowa Przedszkola. Data publikacji strony internetowej: 2022-10-20 Data ostatniej [&hellip;]<\/p>\n","protected":false},"author":1,"featured_media":0,"parent":0,"menu_order":0,"comment_status":"closed","ping_status":"closed","template":"","meta":{"ngg_post_thumbnail":0,"footnotes":""},"class_list":["post-2164","page","type-page","status-publish","hentry"],"_links":{"self":[{"href":"https:\/\/lawendowamarina.pl\/index.php\/wp-json\/wp\/v2\/pages\/2164","targetHints":{"allow":["GET"]}}],"collection":[{"href":"https:\/\/lawendowamarina.pl\/index.php\/wp-json\/wp\/v2\/pages"}],"about":[{"href":"https:\/\/lawendowamarina.pl\/index.php\/wp-json\/wp\/v2\/types\/page"}],"author":[{"embeddable":true,"href":"https:\/\/lawendowamarina.pl\/index.php\/wp-json\/wp\/v2\/users\/1"}],"replies":[{"embeddable":true,"href":"https:\/\/lawendowamarina.pl\/index.php\/wp-json\/wp\/v2\/comments?post=2164"}],"version-history":[{"count":1,"href":"https:\/\/lawendowamarina.pl\/index.php\/wp-json\/wp\/v2\/pages\/2164\/revisions"}],"predecessor-version":[{"id":2165,"href":"https:\/\/lawendowamarina.pl\/index.php\/wp-json\/wp\/v2\/pages\/2164\/revisions\/2165"}],"wp:attachment":[{"href":"https:\/\/lawendowamarina.pl\/index.php\/wp-json\/wp\/v2\/media?parent=2164"}],"curies":[{"name":"wp","href":"https:\/\/api.w.org\/{rel}","templated":true}]}}