{"id":2015,"date":"2022-09-28T15:19:43","date_gmt":"2022-09-28T15:19:43","guid":{"rendered":"http:\/\/lawendowamarina.pl\/?page_id=2015"},"modified":"2022-10-25T13:11:03","modified_gmt":"2022-10-25T13:11:03","slug":"kontakt","status":"publish","type":"page","link":"https:\/\/lawendowamarina.pl\/index.php\/kontakt\/","title":{"rendered":"Kontakt"},"content":{"rendered":"\t\t<div data-elementor-type=\"wp-page\" data-elementor-id=\"2015\" class=\"elementor elementor-2015\">\n\t\t\t\t\t\t<section class=\"elementor-section elementor-top-section elementor-element elementor-element-4dc9734 elementor-section-boxed elementor-section-height-default elementor-section-height-default\" data-id=\"4dc9734\" data-element_type=\"section\">\n\t\t\t\t\t\t<div class=\"elementor-container elementor-column-gap-default\">\n\t\t\t\t\t<div class=\"elementor-column elementor-col-50 elementor-top-column elementor-element elementor-element-051fd9b\" data-id=\"051fd9b\" data-element_type=\"column\">\n\t\t\t<div class=\"elementor-widget-wrap elementor-element-populated\">\n\t\t\t\t\t\t<div class=\"elementor-element elementor-element-6b31a3cb elementor-widget elementor-widget-text-editor\" data-id=\"6b31a3cb\" data-element_type=\"widget\" data-widget_type=\"text-editor.default\">\n\t\t\t\t<div class=\"elementor-widget-container\">\n\t\t\t\t\t\t\t\t\t<p style=\"text-align: center;\"><strong><span style=\"font-size: 18pt;\"><br \/>Przedszkole Lawendowa Marina<\/span><\/strong><\/p><p style=\"text-align: center;\"><span style=\"font-size: 14pt;\">ul. Powstanc\u00f3w 36, Z\u0105bki<\/span><\/p><p style=\"text-align: center;\"><span style=\"font-size: 14pt;\">05-091, Z\u0105bki<\/span><\/p><p style=\"text-align: center;\"><span style=\"font-size: 14pt;\">Dyrektor Przedszkola<\/span><\/p><p style=\"text-align: center;\"><span style=\"font-size: 14pt;\">Anna Jab\u0142o\u0144ska<\/span><\/p><p style=\"text-align: center;\"><span style=\"font-size: 14pt;\">kom: +48 793 921 777<\/span><\/p>\t\t\t\t\t\t\t\t<\/div>\n\t\t\t\t<\/div>\n\t\t\t\t\t<\/div>\n\t\t<\/div>\n\t\t\t\t<div class=\"elementor-column elementor-col-50 elementor-top-column elementor-element elementor-element-19f8ab6\" data-id=\"19f8ab6\" data-element_type=\"column\">\n\t\t\t<div class=\"elementor-widget-wrap elementor-element-populated\">\n\t\t\t\t\t\t<div class=\"elementor-element elementor-element-d5366b0 elementor-widget elementor-widget-google_maps\" data-id=\"d5366b0\" data-element_type=\"widget\" data-widget_type=\"google_maps.default\">\n\t\t\t\t<div class=\"elementor-widget-container\">\n\t\t\t\t\t\t\t<div class=\"elementor-custom-embed\">\n\t\t\t<iframe loading=\"lazy\"\n\t\t\t\t\tsrc=\"https:\/\/maps.google.com\/maps?q=ul.%20Powstanc%C3%B3w%2036%2C%20Z%C4%85bki&#038;t=m&#038;z=15&#038;output=embed&#038;iwloc=near\"\n\t\t\t\t\ttitle=\"ul. Powstanc\u00f3w 36, Z\u0105bki\"\n\t\t\t\t\taria-label=\"ul. Powstanc\u00f3w 36, Z\u0105bki\"\n\t\t\t><\/iframe>\n\t\t<\/div>\n\t\t\t\t\t\t<\/div>\n\t\t\t\t<\/div>\n\t\t\t\t\t<\/div>\n\t\t<\/div>\n\t\t\t\t\t<\/div>\n\t\t<\/section>\n\t\t\t\t<\/div>\n\t\t","protected":false},"excerpt":{"rendered":"<p>Przedszkole Lawendowa Marina ul. Powstanc\u00f3w 36, Z\u0105bki 05-091, Z\u0105bki Dyrektor Przedszkola Anna Jab\u0142o\u0144ska kom: +48 793 921 777<\/p>\n","protected":false},"author":1,"featured_media":0,"parent":0,"menu_order":0,"comment_status":"closed","ping_status":"closed","template":"","meta":{"ngg_post_thumbnail":0,"footnotes":""},"class_list":["post-2015","page","type-page","status-publish","hentry"],"_links":{"self":[{"href":"https:\/\/lawendowamarina.pl\/index.php\/wp-json\/wp\/v2\/pages\/2015","targetHints":{"allow":["GET"]}}],"collection":[{"href":"https:\/\/lawendowamarina.pl\/index.php\/wp-json\/wp\/v2\/pages"}],"about":[{"href":"https:\/\/lawendowamarina.pl\/index.php\/wp-json\/wp\/v2\/types\/page"}],"author":[{"embeddable":true,"href":"https:\/\/lawendowamarina.pl\/index.php\/wp-json\/wp\/v2\/users\/1"}],"replies":[{"embeddable":true,"href":"https:\/\/lawendowamarina.pl\/index.php\/wp-json\/wp\/v2\/comments?post=2015"}],"version-history":[{"count":16,"href":"https:\/\/lawendowamarina.pl\/index.php\/wp-json\/wp\/v2\/pages\/2015\/revisions"}],"predecessor-version":[{"id":2132,"href":"https:\/\/lawendowamarina.pl\/index.php\/wp-json\/wp\/v2\/pages\/2015\/revisions\/2132"}],"wp:attachment":[{"href":"https:\/\/lawendowamarina.pl\/index.php\/wp-json\/wp\/v2\/media?parent=2015"}],"curies":[{"name":"wp","href":"https:\/\/api.w.org\/{rel}","templated":true}]}}